{"id":655,"date":"2019-06-06T10:29:00","date_gmt":"2019-06-06T10:29:00","guid":{"rendered":"http:\/\/www.informedia.es\/?page_id=655"},"modified":"2019-06-12T09:19:39","modified_gmt":"2019-06-12T09:19:39","slug":"software","status":"publish","type":"page","link":"https:\/\/informedia.es\/en\/software\/","title":{"rendered":"[:es]Software[:]"},"content":{"rendered":"<div data-elementor-type=\"wp-post\" data-elementor-id=\"655\" class=\"elementor elementor-655\">\n\t\t\t\t\t\t<section class=\"elementor-section elementor-top-section elementor-element elementor-element-ea91c82 elementor-section-stretched elementor-section-full_width elementor-section-height-default elementor-section-height-default\" data-id=\"ea91c82\" data-element_type=\"section\" data-settings=\"{&quot;stretch_section&quot;:&quot;section-stretched&quot;}\">\n\t\t\t\t\t\t<div class=\"elementor-container elementor-column-gap-default\">\n\t\t\t\t\t<div class=\"elementor-column elementor-col-100 elementor-top-column elementor-element elementor-element-5f26943\" data-id=\"5f26943\" data-element_type=\"column\">\n\t\t\t<div class=\"elementor-widget-wrap elementor-element-populated\">\n\t\t\t\t\t\t<div class=\"elementor-element elementor-element-2e2facf elementor-widget elementor-widget-html\" data-id=\"2e2facf\" data-element_type=\"widget\" data-widget_type=\"html.default\">\n\t\t\t\t<div class=\"elementor-widget-container\">\n\t\t\t\t\t<div class=\"top-content\">\n<div class=\"inner\">\n<h3 style=\"color: white;\">\u00bfQuieres un <span>Software<\/span> est\u00e1ndar? \u00a1\u00a1Aqu\u00ed lo tenemos!! \u00bfQue no existe? Nosotros lo programamos<\/h3>\n<p>Ven a <span style=\"font-weight: bold;\">IN<\/span><span style=\"font-weight: bold;\">FOR<\/span><span style=\"font-style: italic; font-weight: bold;\">media<\/span> y p\u00eddenos todo lo que necesites, disponemos de multitud de software a tu disposici\u00f3n. \u00a1\u00a1Si ninguno te sirve, dinos lo que necesitas y nosotros te lo hacemos a medida!!\n<\/p>\n<\/div>\n<\/div>\t\t\t\t<\/div>\n\t\t\t\t<\/div>\n\t\t\t\t\t<\/div>\n\t\t<\/div>\n\t\t\t\t\t<\/div>\n\t\t<\/section>\n\t\t\t\t<section class=\"elementor-section elementor-top-section elementor-element elementor-element-db60765 elementor-section-boxed elementor-section-height-default elementor-section-height-default\" data-id=\"db60765\" data-element_type=\"section\">\n\t\t\t\t\t\t<div class=\"elementor-container elementor-column-gap-default\">\n\t\t\t\t\t<div class=\"elementor-column elementor-col-100 elementor-top-column elementor-element elementor-element-4ae3c58\" data-id=\"4ae3c58\" data-element_type=\"column\">\n\t\t\t<div class=\"elementor-widget-wrap elementor-element-populated\">\n\t\t\t\t\t\t<div class=\"elementor-element elementor-element-8dd84f2 elementor-widget elementor-widget-spacer\" data-id=\"8dd84f2\" data-element_type=\"widget\" data-widget_type=\"spacer.default\">\n\t\t\t\t<div class=\"elementor-widget-container\">\n\t\t\t\t\t\t\t<div class=\"elementor-spacer\">\n\t\t\t<div class=\"elementor-spacer-inner\"><\/div>\n\t\t<\/div>\n\t\t\t\t\t\t<\/div>\n\t\t\t\t<\/div>\n\t\t\t\t<section class=\"elementor-section elementor-inner-section elementor-element elementor-element-754ed50 elementor-section-boxed elementor-section-height-default elementor-section-height-default\" data-id=\"754ed50\" data-element_type=\"section\">\n\t\t\t\t\t\t<div class=\"elementor-container elementor-column-gap-default\">\n\t\t\t\t\t<div class=\"elementor-column elementor-col-50 elementor-inner-column elementor-element elementor-element-efcd994\" data-id=\"efcd994\" data-element_type=\"column\">\n\t\t\t<div class=\"elementor-widget-wrap elementor-element-populated\">\n\t\t\t\t\t\t<div class=\"elementor-element elementor-element-61fd4e3 elementor-widget elementor-widget-image\" data-id=\"61fd4e3\" data-element_type=\"widget\" data-widget_type=\"image.default\">\n\t\t\t\t<div class=\"elementor-widget-container\">\n\t\t\t\t\t\t\t\t\t\t\t\t\t\t\t<img fetchpriority=\"high\" decoding=\"async\" width=\"400\" height=\"300\" src=\"https:\/\/informedia.es\/wp-content\/uploads\/2019\/06\/software1.jpg\" class=\"attachment-large size-large wp-image-663\" alt=\"\" srcset=\"https:\/\/informedia.es\/wp-content\/uploads\/2019\/06\/software1.jpg 400w, https:\/\/informedia.es\/wp-content\/uploads\/2019\/06\/software1-300x225.jpg 300w\" sizes=\"(max-width: 400px) 100vw, 400px\" \/>\t\t\t\t\t\t\t\t\t\t\t\t\t\t\t<\/div>\n\t\t\t\t<\/div>\n\t\t\t\t\t<\/div>\n\t\t<\/div>\n\t\t\t\t<div class=\"elementor-column elementor-col-50 elementor-inner-column elementor-element elementor-element-f6847fb\" data-id=\"f6847fb\" data-element_type=\"column\">\n\t\t\t<div class=\"elementor-widget-wrap elementor-element-populated\">\n\t\t\t\t\t\t<div class=\"elementor-element elementor-element-c3964ec elementor-widget elementor-widget-text-editor\" data-id=\"c3964ec\" data-element_type=\"widget\" data-widget_type=\"text-editor.default\">\n\t\t\t\t<div class=\"elementor-widget-container\">\n\t\t\t\t\t\t\t\t\t<h2>Software est\u00e1ndar<\/h2>\n<div align=\"justify\">Les ofrecemos el mejor y m\u00e1s amplio cat\u00e1logo de programas de gesti\u00f3n integral para hosteleria, comercio, industria y distribuci\u00f3n. Nuestro software permite cualquier posibilidad que se le ocurra: televenta, preventa, conexi\u00f3n remota de locales o franquicias en tiempo real, control de stock e inventarios, conexiones inal\u00e1mbricas, contabilidad autom\u00e1tica, gesti\u00f3n de proyectos, venta on-line, etc.<\/div>\n<\/br>\n<p><a href=\"https:\/\/informedia.es\/en\/software-estandar\/\">See More<\/a><\/p>\t\t\t\t\t\t\t\t<\/div>\n\t\t\t\t<\/div>\n\t\t\t\t\t<\/div>\n\t\t<\/div>\n\t\t\t\t\t<\/div>\n\t\t<\/section>\n\t\t\t\t<div class=\"elementor-element elementor-element-2251732 elementor-widget elementor-widget-spacer\" data-id=\"2251732\" data-element_type=\"widget\" data-widget_type=\"spacer.default\">\n\t\t\t\t<div class=\"elementor-widget-container\">\n\t\t\t\t\t\t\t<div class=\"elementor-spacer\">\n\t\t\t<div class=\"elementor-spacer-inner\"><\/div>\n\t\t<\/div>\n\t\t\t\t\t\t<\/div>\n\t\t\t\t<\/div>\n\t\t\t\t<section class=\"elementor-section elementor-inner-section elementor-element elementor-element-56effcf elementor-section-boxed elementor-section-height-default elementor-section-height-default\" data-id=\"56effcf\" data-element_type=\"section\">\n\t\t\t\t\t\t<div class=\"elementor-container elementor-column-gap-default\">\n\t\t\t\t\t<div class=\"elementor-column elementor-col-50 elementor-inner-column elementor-element elementor-element-8c1d322\" data-id=\"8c1d322\" data-element_type=\"column\">\n\t\t\t<div class=\"elementor-widget-wrap elementor-element-populated\">\n\t\t\t\t\t\t<div class=\"elementor-element elementor-element-cd15658 elementor-widget elementor-widget-text-editor\" data-id=\"cd15658\" data-element_type=\"widget\" data-widget_type=\"text-editor.default\">\n\t\t\t\t<div class=\"elementor-widget-container\">\n\t\t\t\t\t\t\t\t\t<h2>Customized Software<\/h2>\n<div align=\"justify\">Si Ud. no encuentra ninguna aplicaci\u00f3n est\u00e1ndar que se adapte a sus necesidades, nuestros Ingenieros en Inform\u00e1tica le desarrollan a medida las aplicaciones que necesite.<\/div>\n<\/br>\n<p><a href=\"https:\/\/informedia.es\/en\/software-estandar\/\">See More<\/a><\/p>\t\t\t\t\t\t\t\t<\/div>\n\t\t\t\t<\/div>\n\t\t\t\t\t<\/div>\n\t\t<\/div>\n\t\t\t\t<div class=\"elementor-column elementor-col-50 elementor-inner-column elementor-element elementor-element-b62af52\" data-id=\"b62af52\" data-element_type=\"column\">\n\t\t\t<div class=\"elementor-widget-wrap elementor-element-populated\">\n\t\t\t\t\t\t<div class=\"elementor-element elementor-element-d151dad elementor-widget elementor-widget-image\" data-id=\"d151dad\" data-element_type=\"widget\" data-widget_type=\"image.default\">\n\t\t\t\t<div class=\"elementor-widget-container\">\n\t\t\t\t\t\t\t\t\t\t\t\t\t\t\t<img decoding=\"async\" width=\"400\" height=\"300\" src=\"https:\/\/informedia.es\/wp-content\/uploads\/2019\/06\/software2.jpg\" class=\"attachment-large size-large wp-image-664\" alt=\"\" srcset=\"https:\/\/informedia.es\/wp-content\/uploads\/2019\/06\/software2.jpg 400w, https:\/\/informedia.es\/wp-content\/uploads\/2019\/06\/software2-300x225.jpg 300w\" sizes=\"(max-width: 400px) 100vw, 400px\" \/>\t\t\t\t\t\t\t\t\t\t\t\t\t\t\t<\/div>\n\t\t\t\t<\/div>\n\t\t\t\t\t<\/div>\n\t\t<\/div>\n\t\t\t\t\t<\/div>\n\t\t<\/section>\n\t\t\t\t<div class=\"elementor-element elementor-element-7f300c4 elementor-widget elementor-widget-spacer\" data-id=\"7f300c4\" data-element_type=\"widget\" data-widget_type=\"spacer.default\">\n\t\t\t\t<div class=\"elementor-widget-container\">\n\t\t\t\t\t\t\t<div class=\"elementor-spacer\">\n\t\t\t<div class=\"elementor-spacer-inner\"><\/div>\n\t\t<\/div>\n\t\t\t\t\t\t<\/div>\n\t\t\t\t<\/div>\n\t\t\t\t\t<\/div>\n\t\t<\/div>\n\t\t\t\t\t<\/div>\n\t\t<\/section>\n\t\t\t\t<section class=\"elementor-section elementor-top-section elementor-element elementor-element-0e42fc9 elementor-section-stretched elementor-section-full_width elementor-section-height-min-height elementor-section-height-default elementor-section-items-middle\" data-id=\"0e42fc9\" data-element_type=\"section\" data-settings=\"{&quot;stretch_section&quot;:&quot;section-stretched&quot;,&quot;background_background&quot;:&quot;classic&quot;}\">\n\t\t\t\t\t\t<div class=\"elementor-container elementor-column-gap-default\">\n\t\t\t\t\t<div class=\"elementor-column elementor-col-100 elementor-top-column elementor-element elementor-element-fa1c632\" data-id=\"fa1c632\" data-element_type=\"column\">\n\t\t\t<div class=\"elementor-widget-wrap\">\n\t\t\t\t\t\t\t<\/div>\n\t\t<\/div>\n\t\t\t\t\t<\/div>\n\t\t<\/section>\n\t\t\t\t<section class=\"elementor-section elementor-top-section elementor-element elementor-element-71307cf elementor-section-boxed elementor-section-height-default elementor-section-height-default\" data-id=\"71307cf\" data-element_type=\"section\">\n\t\t\t\t\t\t<div class=\"elementor-container elementor-column-gap-default\">\n\t\t\t\t\t<div class=\"elementor-column elementor-col-100 elementor-top-column elementor-element elementor-element-5fbc80a\" data-id=\"5fbc80a\" data-element_type=\"column\">\n\t\t\t<div class=\"elementor-widget-wrap elementor-element-populated\">\n\t\t\t\t\t\t<div class=\"elementor-element elementor-element-7311e03 elementor-widget elementor-widget-spacer\" data-id=\"7311e03\" data-element_type=\"widget\" data-widget_type=\"spacer.default\">\n\t\t\t\t<div class=\"elementor-widget-container\">\n\t\t\t\t\t\t\t<div class=\"elementor-spacer\">\n\t\t\t<div class=\"elementor-spacer-inner\"><\/div>\n\t\t<\/div>\n\t\t\t\t\t\t<\/div>\n\t\t\t\t<\/div>\n\t\t\t\t\t<\/div>\n\t\t<\/div>\n\t\t\t\t\t<\/div>\n\t\t<\/section>\n\t\t\t\t<section class=\"elementor-section elementor-top-section elementor-element elementor-element-931cd2f elementor-section-boxed elementor-section-height-default elementor-section-height-default\" data-id=\"931cd2f\" data-element_type=\"section\">\n\t\t\t\t\t\t<div class=\"elementor-container elementor-column-gap-default\">\n\t\t\t\t\t<div class=\"elementor-column elementor-col-100 elementor-top-column elementor-element elementor-element-9a3065f\" data-id=\"9a3065f\" data-element_type=\"column\">\n\t\t\t<div class=\"elementor-widget-wrap elementor-element-populated\">\n\t\t\t\t\t\t<div class=\"elementor-element elementor-element-8c128c6 elementor-widget elementor-widget-heading\" data-id=\"8c128c6\" data-element_type=\"widget\" data-widget_type=\"heading.default\">\n\t\t\t\t<div class=\"elementor-widget-container\">\n\t\t\t\t\t<h2 class=\"elementor-heading-title elementor-size-default\">Disponemos de las mejores soluciones para:<\/h2>\t\t\t\t<\/div>\n\t\t\t\t<\/div>\n\t\t\t\t\t<\/div>\n\t\t<\/div>\n\t\t\t\t\t<\/div>\n\t\t<\/section>\n\t\t\t\t<section class=\"elementor-section elementor-top-section elementor-element elementor-element-ed4b99f elementor-section-boxed elementor-section-height-default elementor-section-height-default\" data-id=\"ed4b99f\" data-element_type=\"section\">\n\t\t\t\t\t\t<div class=\"elementor-container elementor-column-gap-default\">\n\t\t\t\t\t<div class=\"elementor-column elementor-col-100 elementor-top-column elementor-element elementor-element-47d2d1f\" data-id=\"47d2d1f\" data-element_type=\"column\">\n\t\t\t<div class=\"elementor-widget-wrap elementor-element-populated\">\n\t\t\t\t\t\t<div class=\"elementor-element elementor-element-4b4f62a elementor-widget elementor-widget-spacer\" data-id=\"4b4f62a\" data-element_type=\"widget\" data-widget_type=\"spacer.default\">\n\t\t\t\t<div class=\"elementor-widget-container\">\n\t\t\t\t\t\t\t<div class=\"elementor-spacer\">\n\t\t\t<div class=\"elementor-spacer-inner\"><\/div>\n\t\t<\/div>\n\t\t\t\t\t\t<\/div>\n\t\t\t\t<\/div>\n\t\t\t\t\t<\/div>\n\t\t<\/div>\n\t\t\t\t\t<\/div>\n\t\t<\/section>\n\t\t\t\t<section class=\"elementor-section elementor-top-section elementor-element elementor-element-c1b82ba elementor-section-boxed elementor-section-height-default elementor-section-height-default\" data-id=\"c1b82ba\" data-element_type=\"section\">\n\t\t\t\t\t\t<div class=\"elementor-container elementor-column-gap-default\">\n\t\t\t\t\t<div class=\"elementor-column elementor-col-33 elementor-top-column elementor-element elementor-element-2b7b21b\" data-id=\"2b7b21b\" data-element_type=\"column\">\n\t\t\t<div class=\"elementor-widget-wrap elementor-element-populated\">\n\t\t\t\t\t\t<div class=\"elementor-element elementor-element-ac09381 elementor-widget elementor-widget-text-editor\" data-id=\"ac09381\" data-element_type=\"widget\" data-widget_type=\"text-editor.default\">\n\t\t\t\t<div class=\"elementor-widget-container\">\n\t\t\t\t\t\t\t\t\t<li><a href=\"..\/wp-content\/uploads\/2019\/05\/restaurantes.pdf\" target=\"_blank\" rel=\"noopener noreferrer\">Restaurantes y Cafeterias<\/a><\/li>\n<li><a href=\"..\/wp-content\/uploads\/2019\/05\/restaurantes.pdf\" target=\"_blank\" rel=\"noopener noreferrer\">Fast Food <\/a><\/li>\n<li><a href=\"..\/wp-content\/uploads\/2019\/05\/restaurantes.pdf\" target=\"_blank\" rel=\"noopener noreferrer\">Franquicias Hosteler\u00eda <\/a><\/li>\n<li><a href=\"..\/wp-content\/uploads\/2019\/05\/restaurantes.pdf\" target=\"_blank\" rel=\"noopener noreferrer\">Discotecas<\/a><\/li>\t\t\t\t\t\t\t\t<\/div>\n\t\t\t\t<\/div>\n\t\t\t\t\t<\/div>\n\t\t<\/div>\n\t\t\t\t<div class=\"elementor-column elementor-col-33 elementor-top-column elementor-element elementor-element-52f7e8e\" data-id=\"52f7e8e\" data-element_type=\"column\">\n\t\t\t<div class=\"elementor-widget-wrap elementor-element-populated\">\n\t\t\t\t\t\t<div class=\"elementor-element elementor-element-baff728 elementor-widget elementor-widget-text-editor\" data-id=\"baff728\" data-element_type=\"widget\" data-widget_type=\"text-editor.default\">\n\t\t\t\t<div class=\"elementor-widget-container\">\n\t\t\t\t\t\t\t\t\t<li><a href=\"..\/wp-content\/uploads\/2019\/05\/hoteles.pdf\" target=\"_blank\" rel=\"noopener noreferrer\">Hoteles<\/a><\/li>\n<li><a href=\"..\/wp-content\/uploads\/2019\/05\/gestion.pdf\" target=\"_blank\" rel=\"noopener noreferrer\">Industria y Distribuci\u00f3n <\/a><\/li>\n<li><a href=\"..\/wp-content\/uploads\/2019\/05\/comercios.pdf\" target=\"_blank\" rel=\"noopener noreferrer\">Comercio minorista<\/a><\/li>\n<li><a href=\"..\/wp-content\/uploads\/2019\/05\/comercios.pdf\" target=\"_blank\" rel=\"noopener noreferrer\">Tiendas de Moda<\/a><\/li>\t\t\t\t\t\t\t\t<\/div>\n\t\t\t\t<\/div>\n\t\t\t\t\t<\/div>\n\t\t<\/div>\n\t\t\t\t<div class=\"elementor-column elementor-col-33 elementor-top-column elementor-element elementor-element-86026d2\" data-id=\"86026d2\" data-element_type=\"column\">\n\t\t\t<div class=\"elementor-widget-wrap elementor-element-populated\">\n\t\t\t\t\t\t<div class=\"elementor-element elementor-element-fc9994d elementor-widget elementor-widget-text-editor\" data-id=\"fc9994d\" data-element_type=\"widget\" data-widget_type=\"text-editor.default\">\n\t\t\t\t<div class=\"elementor-widget-container\">\n\t\t\t\t\t\t\t\t\t<li><a href=\"..\/wp-content\/uploads\/2019\/05\/comercios.pdf\" target=\"_blank\" rel=\"noopener noreferrer\">Shoe Shops<\/a><\/li>\n<li><a href=\"..\/wp-content\/uploads\/2019\/05\/comercios.pdf\" target=\"_blank\" rel=\"noopener noreferrer\">Perfumeries<\/a><\/li>\n<li><a href=\"..\/wp-content\/uploads\/2019\/05\/comercios.pdf\" target=\"_blank\" rel=\"noopener noreferrer\">Supermarkets<\/a><\/li>\n<li><a href=\"..\/wp-content\/uploads\/2019\/05\/comercios.pdf\" target=\"_blank\" rel=\"noopener noreferrer\">Carnicer\u00edas<\/a><\/li>\t\t\t\t\t\t\t\t<\/div>\n\t\t\t\t<\/div>\n\t\t\t\t\t<\/div>\n\t\t<\/div>\n\t\t\t\t\t<\/div>\n\t\t<\/section>\n\t\t\t\t<\/div>","protected":false},"excerpt":{"rendered":"<p>\u00bfQuieres un Software est\u00e1ndar? \u00a1\u00a1Aqu\u00ed lo tenemos!! \u00bfQue no existe? Nosotros lo programamos<br \/>\nVen a INFORmedia y p\u00eddenos todo lo que necesites, disponemos de multitud de software a tu disposici\u00f3n. \u00a1\u00a1Si\u2026<\/p>","protected":false},"author":1,"featured_media":0,"parent":0,"menu_order":0,"comment_status":"closed","ping_status":"closed","template":"","meta":{"_vp_format_video_url":"","_vp_image_focal_point":[],"footnotes":""},"class_list":["post-655","page","type-page","status-publish","hentry","post-1","odd"],"_links":{"self":[{"href":"https:\/\/informedia.es\/en\/wp-json\/wp\/v2\/pages\/655","targetHints":{"allow":["GET"]}}],"collection":[{"href":"https:\/\/informedia.es\/en\/wp-json\/wp\/v2\/pages"}],"about":[{"href":"https:\/\/informedia.es\/en\/wp-json\/wp\/v2\/types\/page"}],"author":[{"embeddable":true,"href":"https:\/\/informedia.es\/en\/wp-json\/wp\/v2\/users\/1"}],"replies":[{"embeddable":true,"href":"https:\/\/informedia.es\/en\/wp-json\/wp\/v2\/comments?post=655"}],"version-history":[{"count":12,"href":"https:\/\/informedia.es\/en\/wp-json\/wp\/v2\/pages\/655\/revisions"}],"predecessor-version":[{"id":862,"href":"https:\/\/informedia.es\/en\/wp-json\/wp\/v2\/pages\/655\/revisions\/862"}],"wp:attachment":[{"href":"https:\/\/informedia.es\/en\/wp-json\/wp\/v2\/media?parent=655"}],"curies":[{"name":"wp","href":"https:\/\/api.w.org\/{rel}","templated":true}]}}