{"id":531,"date":"2019-06-05T10:09:03","date_gmt":"2019-06-05T10:09:03","guid":{"rendered":"http:\/\/www.informedia.es\/?page_id=531"},"modified":"2019-07-31T11:39:19","modified_gmt":"2019-07-31T11:39:19","slug":"internet","status":"publish","type":"page","link":"https:\/\/informedia.es\/en\/internet\/","title":{"rendered":"Internet"},"content":{"rendered":"<div data-elementor-type=\"wp-post\" data-elementor-id=\"531\" class=\"elementor elementor-531\">\n\t\t\t\t\t\t<section class=\"elementor-section elementor-top-section elementor-element elementor-element-5cabe86 elementor-section-stretched elementor-section-full_width elementor-section-height-default elementor-section-height-default\" data-id=\"5cabe86\" data-element_type=\"section\" data-settings=\"{&quot;stretch_section&quot;:&quot;section-stretched&quot;}\">\n\t\t\t\t\t\t<div class=\"elementor-container elementor-column-gap-default\">\n\t\t\t\t\t<div class=\"elementor-column elementor-col-100 elementor-top-column elementor-element elementor-element-bdcf5b2\" data-id=\"bdcf5b2\" data-element_type=\"column\">\n\t\t\t<div class=\"elementor-widget-wrap elementor-element-populated\">\n\t\t\t\t\t\t<div class=\"elementor-element elementor-element-596abab elementor-widget elementor-widget-text-editor\" data-id=\"596abab\" data-element_type=\"widget\" data-widget_type=\"text-editor.default\">\n\t\t\t\t<div class=\"elementor-widget-container\">\n\t\t\t\t\t\t\t\t\t<div class=\"top-content\"><div class=\"inner\"><h3 style=\"color: white;\">Internet Issues?<span style=\"font-weight: bold;\">IN<\/span><span style=\"font-weight: bold;\">FOR<\/span><span style=\"font-style: italic; font-weight: bold; font-size: 28px;\">media<\/span> solves them!<\/h3><p>Whatever the problem, doubt, or petition <span style=\"font-weight: bold;\">IN<\/span><span style=\"font-weight: bold;\">FOR<\/span><span style=\"font-style: italic; font-weight: bold;\">media<\/span> can help you. We have customized solutions for all problems, so come and ask us about it!<\/p><\/div><\/div>\t\t\t\t\t\t\t\t<\/div>\n\t\t\t\t<\/div>\n\t\t\t\t\t<\/div>\n\t\t<\/div>\n\t\t\t\t\t<\/div>\n\t\t<\/section>\n\t\t\t\t<section class=\"elementor-section elementor-top-section elementor-element elementor-element-a8dc451 elementor-section-boxed elementor-section-height-default elementor-section-height-default\" data-id=\"a8dc451\" data-element_type=\"section\">\n\t\t\t\t\t\t<div class=\"elementor-container elementor-column-gap-default\">\n\t\t\t\t\t<div class=\"elementor-column elementor-col-50 elementor-top-column elementor-element elementor-element-c47bfb7\" data-id=\"c47bfb7\" data-element_type=\"column\">\n\t\t\t<div class=\"elementor-widget-wrap elementor-element-populated\">\n\t\t\t\t\t\t<div class=\"elementor-element elementor-element-67cc4a5 elementor-widget elementor-widget-text-editor\" data-id=\"67cc4a5\" data-element_type=\"widget\" data-widget_type=\"text-editor.default\">\n\t\t\t\t<div class=\"elementor-widget-container\">\n\t\t\t\t\t\t\t\t\t<h3 style=\"text-align: center;\">WEB DESIGN AND PROGRAMMING<\/h3><p>Our designers and programmers will make the website that your company needs, whether you want a static site or if you need a more advanced structure with databases so that you can manage your products and contents yourself.<\/p>\t\t\t\t\t\t\t\t<\/div>\n\t\t\t\t<\/div>\n\t\t\t\t\t<\/div>\n\t\t<\/div>\n\t\t\t\t<div class=\"elementor-column elementor-col-50 elementor-top-column elementor-element elementor-element-e039eb1\" data-id=\"e039eb1\" data-element_type=\"column\">\n\t\t\t<div class=\"elementor-widget-wrap elementor-element-populated\">\n\t\t\t\t\t\t<div class=\"elementor-element elementor-element-6210535 elementor-widget elementor-widget-image\" data-id=\"6210535\" data-element_type=\"widget\" data-widget_type=\"image.default\">\n\t\t\t\t<div class=\"elementor-widget-container\">\n\t\t\t\t\t\t\t\t\t\t\t\t\t\t\t<img fetchpriority=\"high\" decoding=\"async\" width=\"300\" height=\"202\" src=\"https:\/\/informedia.es\/wp-content\/uploads\/2019\/06\/dise\u00f1o-300x202.png\" class=\"attachment-medium size-medium wp-image-544\" alt=\"\" srcset=\"https:\/\/informedia.es\/wp-content\/uploads\/2019\/06\/dise\u00f1o-300x202.png 300w, https:\/\/informedia.es\/wp-content\/uploads\/2019\/06\/dise\u00f1o.png 384w\" sizes=\"(max-width: 300px) 100vw, 300px\" \/>\t\t\t\t\t\t\t\t\t\t\t\t\t\t\t<\/div>\n\t\t\t\t<\/div>\n\t\t\t\t\t<\/div>\n\t\t<\/div>\n\t\t\t\t\t<\/div>\n\t\t<\/section>\n\t\t\t\t<section class=\"elementor-section elementor-top-section elementor-element elementor-element-fce38f5 elementor-section-boxed elementor-section-height-default elementor-section-height-default\" data-id=\"fce38f5\" data-element_type=\"section\">\n\t\t\t\t\t\t<div class=\"elementor-container elementor-column-gap-default\">\n\t\t\t\t\t<div class=\"elementor-column elementor-col-50 elementor-top-column elementor-element elementor-element-1c83021\" data-id=\"1c83021\" data-element_type=\"column\">\n\t\t\t<div class=\"elementor-widget-wrap elementor-element-populated\">\n\t\t\t\t\t\t<div class=\"elementor-element elementor-element-b0ab4ea elementor-widget elementor-widget-text-editor\" data-id=\"b0ab4ea\" data-element_type=\"widget\" data-widget_type=\"text-editor.default\">\n\t\t\t\t<div class=\"elementor-widget-container\">\n\t\t\t\t\t\t\t\t\t<h3 style=\"font-family: Roboto, sans-serif; text-align: center;\">ONLINE MARKENTING<\/h3><p style=\"color: #7a7a7a; font-size: 14px; font-weight: 400; text-transform: none;\">Online marketing is the most effective and profitable way to get visibility for companies' websites and increase the number of visits, brand awareness and sales volume; Are you interested in any type of marketing? INFORmedia offers you several alternatives at very competitive prices, come and talk with us!<\/p>\t\t\t\t\t\t\t\t<\/div>\n\t\t\t\t<\/div>\n\t\t\t\t\t<\/div>\n\t\t<\/div>\n\t\t\t\t<div class=\"elementor-column elementor-col-50 elementor-top-column elementor-element elementor-element-79a5e7a\" data-id=\"79a5e7a\" data-element_type=\"column\">\n\t\t\t<div class=\"elementor-widget-wrap elementor-element-populated\">\n\t\t\t\t\t\t<div class=\"elementor-element elementor-element-7157db7 elementor-widget elementor-widget-image\" data-id=\"7157db7\" data-element_type=\"widget\" data-widget_type=\"image.default\">\n\t\t\t\t<div class=\"elementor-widget-container\">\n\t\t\t\t\t\t\t\t\t\t\t\t\t\t\t<img decoding=\"async\" width=\"300\" height=\"155\" src=\"https:\/\/informedia.es\/wp-content\/uploads\/2019\/06\/MarketingOnline-300x155.jpg\" class=\"attachment-medium size-medium wp-image-533\" alt=\"\" srcset=\"https:\/\/informedia.es\/wp-content\/uploads\/2019\/06\/MarketingOnline-300x155.jpg 300w, https:\/\/informedia.es\/wp-content\/uploads\/2019\/06\/MarketingOnline.jpg 500w\" sizes=\"(max-width: 300px) 100vw, 300px\" \/>\t\t\t\t\t\t\t\t\t\t\t\t\t\t\t<\/div>\n\t\t\t\t<\/div>\n\t\t\t\t\t<\/div>\n\t\t<\/div>\n\t\t\t\t\t<\/div>\n\t\t<\/section>\n\t\t\t\t<section class=\"elementor-section elementor-top-section elementor-element elementor-element-e885cab elementor-section-boxed elementor-section-height-default elementor-section-height-default\" data-id=\"e885cab\" data-element_type=\"section\">\n\t\t\t\t\t\t<div class=\"elementor-container elementor-column-gap-default\">\n\t\t\t\t\t<div class=\"elementor-column elementor-col-50 elementor-top-column elementor-element elementor-element-2351e16\" data-id=\"2351e16\" data-element_type=\"column\">\n\t\t\t<div class=\"elementor-widget-wrap elementor-element-populated\">\n\t\t\t\t\t\t<div class=\"elementor-element elementor-element-f3fa1a7 elementor-widget elementor-widget-text-editor\" data-id=\"f3fa1a7\" data-element_type=\"widget\" data-widget_type=\"text-editor.default\">\n\t\t\t\t<div class=\"elementor-widget-container\">\n\t\t\t\t\t\t\t\t\t<h3 style=\"text-align: center;\">HOSTING AND DOMAINS<\/h3><p>We have different types of hosting for your page or online store, at affordable prices and with maintenance option included. In addition, we register the best domain available for your website or online store.<\/p>\t\t\t\t\t\t\t\t<\/div>\n\t\t\t\t<\/div>\n\t\t\t\t\t<\/div>\n\t\t<\/div>\n\t\t\t\t<div class=\"elementor-column elementor-col-50 elementor-top-column elementor-element elementor-element-e218626\" data-id=\"e218626\" data-element_type=\"column\">\n\t\t\t<div class=\"elementor-widget-wrap elementor-element-populated\">\n\t\t\t\t\t\t<div class=\"elementor-element elementor-element-6543eee elementor-widget elementor-widget-image\" data-id=\"6543eee\" data-element_type=\"widget\" data-widget_type=\"image.default\">\n\t\t\t\t<div class=\"elementor-widget-container\">\n\t\t\t\t\t\t\t\t\t\t\t\t\t\t\t<img decoding=\"async\" src=\"https:\/\/informedia.es\/wp-content\/uploads\/elementor\/thumbs\/hosting-1-obhtaj1qernzv6mn6s3a82206vwlsmvlytnid4l61c.jpg\" title=\"hosting\" alt=\"hosting\" loading=\"lazy\" \/>\t\t\t\t\t\t\t\t\t\t\t\t\t\t\t<\/div>\n\t\t\t\t<\/div>\n\t\t\t\t\t<\/div>\n\t\t<\/div>\n\t\t\t\t\t<\/div>\n\t\t<\/section>\n\t\t\t\t<section class=\"elementor-section elementor-top-section elementor-element elementor-element-414fddb elementor-section-boxed elementor-section-height-default elementor-section-height-default\" data-id=\"414fddb\" data-element_type=\"section\">\n\t\t\t\t\t\t<div class=\"elementor-container elementor-column-gap-default\">\n\t\t\t\t\t<div class=\"elementor-column elementor-col-50 elementor-top-column elementor-element elementor-element-8b28dcf\" data-id=\"8b28dcf\" data-element_type=\"column\">\n\t\t\t<div class=\"elementor-widget-wrap elementor-element-populated\">\n\t\t\t\t\t\t<div class=\"elementor-element elementor-element-bf6126e elementor-widget elementor-widget-text-editor\" data-id=\"bf6126e\" data-element_type=\"widget\" data-widget_type=\"text-editor.default\">\n\t\t\t\t<div class=\"elementor-widget-container\">\n\t\t\t\t\t\t\t\t\t<h3 style=\"text-align: center;\">6,000 TEMPLATES<\/h3><p>We also have the largest catalog of standard templates made by the best designers around the world, so that you can make an attractive and professional website yourself. Or if you prefer, choose the design you like best and we will customize it for a really moderate price.<\/p>\t\t\t\t\t\t\t\t<\/div>\n\t\t\t\t<\/div>\n\t\t\t\t\t<\/div>\n\t\t<\/div>\n\t\t\t\t<div class=\"elementor-column elementor-col-50 elementor-top-column elementor-element elementor-element-1908d65\" data-id=\"1908d65\" data-element_type=\"column\">\n\t\t\t<div class=\"elementor-widget-wrap elementor-element-populated\">\n\t\t\t\t\t\t<div class=\"elementor-element elementor-element-3c4bad3 elementor-widget elementor-widget-image\" data-id=\"3c4bad3\" data-element_type=\"widget\" data-widget_type=\"image.default\">\n\t\t\t\t<div class=\"elementor-widget-container\">\n\t\t\t\t\t\t\t\t\t\t\t\t\t\t\t<img decoding=\"async\" width=\"194\" height=\"300\" src=\"https:\/\/informedia.es\/wp-content\/uploads\/2019\/06\/plantillas-194x300.png\" class=\"attachment-medium size-medium wp-image-542\" alt=\"\" srcset=\"https:\/\/informedia.es\/wp-content\/uploads\/2019\/06\/plantillas-194x300.png 194w, https:\/\/informedia.es\/wp-content\/uploads\/2019\/06\/plantillas.png 228w\" sizes=\"(max-width: 194px) 100vw, 194px\" \/>\t\t\t\t\t\t\t\t\t\t\t\t\t\t\t<\/div>\n\t\t\t\t<\/div>\n\t\t\t\t\t<\/div>\n\t\t<\/div>\n\t\t\t\t\t<\/div>\n\t\t<\/section>\n\t\t\t\t<\/div>","protected":false},"excerpt":{"rendered":"<p>\u00bfProblemas con INTERNET? \u00a1INFORmedia lo soluciona!Cualquier problema, duda o peticion en INFORmedia te podemos ayudar. Tenemos soluciones personalizadas para todo tipo de petici\u00f3n o problema, \u00a1ven y cons\u00faltanos!DISE\u00d1O Y PROGRAMACI\u00d3N\u2026<\/p>","protected":false},"author":1,"featured_media":0,"parent":0,"menu_order":0,"comment_status":"closed","ping_status":"closed","template":"","meta":{"_vp_format_video_url":"","_vp_image_focal_point":[],"footnotes":""},"class_list":["post-531","page","type-page","status-publish","hentry","post-1","odd"],"_links":{"self":[{"href":"https:\/\/informedia.es\/en\/wp-json\/wp\/v2\/pages\/531","targetHints":{"allow":["GET"]}}],"collection":[{"href":"https:\/\/informedia.es\/en\/wp-json\/wp\/v2\/pages"}],"about":[{"href":"https:\/\/informedia.es\/en\/wp-json\/wp\/v2\/types\/page"}],"author":[{"embeddable":true,"href":"https:\/\/informedia.es\/en\/wp-json\/wp\/v2\/users\/1"}],"replies":[{"embeddable":true,"href":"https:\/\/informedia.es\/en\/wp-json\/wp\/v2\/comments?post=531"}],"version-history":[{"count":31,"href":"https:\/\/informedia.es\/en\/wp-json\/wp\/v2\/pages\/531\/revisions"}],"predecessor-version":[{"id":2521,"href":"https:\/\/informedia.es\/en\/wp-json\/wp\/v2\/pages\/531\/revisions\/2521"}],"wp:attachment":[{"href":"https:\/\/informedia.es\/en\/wp-json\/wp\/v2\/media?parent=531"}],"curies":[{"name":"wp","href":"https:\/\/api.w.org\/{rel}","templated":true}]}}