{"id":363,"date":"2019-05-02T09:39:19","date_gmt":"2019-05-02T09:39:19","guid":{"rendered":"http:\/\/www.informedia.es\/?page_id=363"},"modified":"2019-05-02T09:46:12","modified_gmt":"2019-05-02T09:46:12","slug":"internet-2","status":"publish","type":"page","link":"https:\/\/informedia.es\/en\/internet-2\/","title":{"rendered":"Internet"},"content":{"rendered":"<div class=\"top-content\">\n<div class=\"inner\">\n<h2 style=\"color: white;\">\u00bfProblemas con <span>INTERNET?<\/span> <span style=\"font-weight:bold\">IN<\/span><span style=\"font-weight:bold\">FOR<\/span><span style=\"font-style:italic; font-weight:bold; font-size: 28px;\">media<\/span> lo soluciona!!!<\/h2>\n<p>Whatever the problem, doubt, or petition <span style=\"font-weight:bold\">IN<\/span><span style=\"font-weight:bold\">FOR<\/span><span style=\"font-style:italic; font-weight:bold\">media<\/span> te podemos ayudar, tenemos soluciones personalizadas para todo tipo de petici\u00f3n o problema, ven y consultanos!!\n<\/p>\n<\/div>\n<\/div>\n<div class=\"frame alignleft\"><img decoding=\"async\" alt=\"\" src=\"http:\/\/www.informedia.es\/wp-content\/uploads\/programacion.png\" style=\"margin-right:15px; margin-top:3px\" width=\"145\" vspace=\"0\" hspace=\"0\" align=\"left\"><\/div>\n<p><!-- .frame (end) --><\/p>\n<h4>Dise\u00f1o y Programaci\u00f3n Web<\/h4>\n<p>  Nuestros dise\u00f1adores y programadores realizar\u00e1n el sitio Web que su empresa necesita, tanto si quiere un sitio est\u00e1tico como si necesita una programaci\u00f3n  m\u00e1s avanzada con bases de datos para que pueda gestionar Ud. mismo sus productos y contenidos.<\/p>\n<hr>\n<h2><\/h2>\n<div class=\"frame alignright\"><img decoding=\"async\" alt=\"\" src=\"http:\/\/www.informedia.es\/wp-content\/uploads\/MarketingOnline.jpg\" style=\"margin-right:15px; margin-top:3px\" width=\"145\" vspace=\"0\" hspace=\"0\" height=\"77\" align=\"left\"><\/div>\n<p><!-- .frame (end) --><\/p>\n<h4 style=\"text-align: right;\">Marketing Online<\/h4>\n<p>El marketing online es la forma m\u00e1s eficaz y rentable de conseguir visibilidad para las p\u00e1ginas web de las empresas y aumentar el n\u00famero de visitas, la notoriedad de la marca y el volumen de ventas; \u00bfTe intera algun tipo de marketing? INFORmedia te ofrece varias alternativa a precios muy competitivos, ven a informarte!!<\/p>\n<hr>\n<h2><\/h2>\n<div class=\"frame alignleft\"><img decoding=\"async\" alt=\"\" src=\"http:\/\/www.informedia.es\/images\/4-p3.jpg\" style=\"margin-right:15px; margin-top:3px; margin-left:0px\" width=\"75\" vspace=\"0\" hspace=\"0\" height=\"85\" align=\"left\"><\/div>\n<p><!-- .frame (end) --><\/p>\n<h4>Conexiones ADSL<\/h4>\n<p>Si lo que necesita es que le asesoremos, configuremos o gestionemos  de conexi\u00f3n a Internet, ll\u00e1menos y lo tendr\u00e1 realizado al momento.<br \/>\nAdem\u00e1s le protegemos su ADSL inal\u00e1mbrica para evitar la conexi\u00f3n de intrusos. <a href=\"#\">TVT<\/a>, <a href=\"#\">Vodafone<\/a>, <a href=\"#\">Movistar<\/a>, <a href=\"#\">Orange<\/a>, <a href=\"#\">Jazztel<\/a><\/p>\n<hr>\n<h2><\/h2>\n<div class=\"frame alignright\"><img decoding=\"async\" alt=\"\" src=\"http:\/\/www.informedia.es\/images\/4-p2b.jpg\" style=\"margin-right:15px; margin-top:3px\" width=\"145\" vspace=\"0\" hspace=\"0\" height=\"77\" align=\"left\"><\/div>\n<p><!-- .frame (end) --><\/p>\n<h4 style=\"text-align: right;\">6.000 Plantillas<\/h4>\n<p>We also have the largest catalog of standard templates made by the best designers around the world, so that you can make an attractive and professional website yourself. Or if you prefer, choose the design you like best and we will customize it for a really moderate price.<br \/><a href=\"https:\/\/informedia.es\/en\/?page_id=494\">Cat\u00e1logo de plantillas <\/a><\/p>\n<hr>","protected":false},"excerpt":{"rendered":"<p>\n\u00bfProblemas con INTERNET? INFORmedia lo soluciona!!!<br \/>\nCualquier problema, duda o peticion en INFORmedia te podemos ayudar, tenemos soluciones personalizadas para todo tipo de petici\u00f3n o problema, ven y consultanos!!<\/p>\n<p>Dise\u00f1o y Programaci\u00f3n\u2026<\/p>","protected":false},"author":1,"featured_media":0,"parent":0,"menu_order":0,"comment_status":"closed","ping_status":"closed","template":"","meta":{"_vp_format_video_url":"","_vp_image_focal_point":[],"footnotes":""},"class_list":["post-363","page","type-page","status-publish","hentry","post-1","odd"],"_links":{"self":[{"href":"https:\/\/informedia.es\/en\/wp-json\/wp\/v2\/pages\/363","targetHints":{"allow":["GET"]}}],"collection":[{"href":"https:\/\/informedia.es\/en\/wp-json\/wp\/v2\/pages"}],"about":[{"href":"https:\/\/informedia.es\/en\/wp-json\/wp\/v2\/types\/page"}],"author":[{"embeddable":true,"href":"https:\/\/informedia.es\/en\/wp-json\/wp\/v2\/users\/1"}],"replies":[{"embeddable":true,"href":"https:\/\/informedia.es\/en\/wp-json\/wp\/v2\/comments?post=363"}],"version-history":[{"count":13,"href":"https:\/\/informedia.es\/en\/wp-json\/wp\/v2\/pages\/363\/revisions"}],"predecessor-version":[{"id":376,"href":"https:\/\/informedia.es\/en\/wp-json\/wp\/v2\/pages\/363\/revisions\/376"}],"wp:attachment":[{"href":"https:\/\/informedia.es\/en\/wp-json\/wp\/v2\/media?parent=363"}],"curies":[{"name":"wp","href":"https:\/\/api.w.org\/{rel}","templated":true}]}}