{"id":320,"date":"2019-04-25T11:42:29","date_gmt":"2019-04-25T11:42:29","guid":{"rendered":"http:\/\/www.informedia.es\/?page_id=320"},"modified":"2019-06-12T08:24:21","modified_gmt":"2019-06-12T08:24:21","slug":"softwareold","status":"publish","type":"page","link":"https:\/\/informedia.es\/en\/softwareold\/","title":{"rendered":"[:es]SoftwareOLD[:en]Software[:]"},"content":{"rendered":"<div class=\"top-content\">\n<div class=\"inner\">\n<h3 style=\"color: white;\">\u00bfQuieres un <span>Software<\/span> est\u00e1ndar? \u00a1\u00a1Aqu\u00ed lo tenemos!! \u00bfQue no existe? Nosotros lo programamos<\/h3>\n<p>Ven a <span style=\"font-weight: bold;\">IN<\/span><span style=\"font-weight: bold;\">FOR<\/span><span style=\"font-style: italic; font-weight: bold;\">media<\/span> y p\u00eddenos todo lo que necesites, disponemos de multitud de software a tu disposici\u00f3n. \u00a1\u00a1Si ninguno te sirve, dinos lo que necesitas y nosotros te lo hacemos a medida!!\n<\/p>\n<\/div>\n<\/div>\n<p><\/br><\/p>\n<div style=\"width: 66%; float: left; margin-right: 11px;\">\n<h4 style=\"text-align: center;\">\n<div class=\"frame alignleft\"><img decoding=\"async\" class=\"alignleft size-full wp-image-432\" title=\"2page_img1\" alt=\"\" src=\"http:\/\/www.informedia.es\/wp-content\/uploads\/2012\/12\/software1.jpg\" width=\"290\"><\/div>\n<p><!-- .frame (end) --> Standard Software<\/h4>\n<div align=\"justify\">Les ofrecemos el mejor y m\u00e1s amplio cat\u00e1logo de programas de gesti\u00f3n integral para hosteleria, comercio, industria y distribuci\u00f3n. Nuestro software permite cualquier posibilidad que se le ocurra: televenta, preventa, conexi\u00f3n remota de locales o franquicias en tiempo real, control de stock e inventarios, conexiones inal\u00e1mbricas, contabilidad autom\u00e1tica, gesti\u00f3n de proyectos, venta on-line, etc.\n\t\t\t\t<\/div>\n<p>&nbsp;<\/p>\n<hr>\n<h4 style=\"text-align: center;\">\n<div class=\"frame alignright\"><img decoding=\"async\" class=\"alignleft size-full wp-image-432\" title=\"2page_img1\" alt=\"\" src=\"http:\/\/www.informedia.es\/wp-content\/uploads\/2012\/12\/software2.jpg\" width=\"200\"><\/div>\n<p><!-- .frame (end) --> Customized Software<\/h4>\n<div align=\"justify\">Si Ud. no encuentra ninguna aplicaci\u00f3n est\u00e1ndar que se adapte a sus necesidades, nuestros Ingenieros en Inform\u00e1tica le desarrollan a medida las aplicaciones que necesite.\n<\/div>\n<\/div>\n<div style=\"width: 33%;float: left;\">\n<h4>Disponemos de las mejores soluciones para:<\/h4>\n<ul>\n<li><a href=\"..\/wp-content\/uploads\/2019\/05\/restaurantes.pdf\" target=\"_blank\" rel=\"noopener noreferrer\">Restaurantes y Cafeterias<\/a><\/li>\n<li><a href=\"..\/wp-content\/uploads\/2019\/05\/restaurantes.pdf\" target=\"_blank\" rel=\"noopener noreferrer\">Fast Food <\/a><\/li>\n<li><a href=\"..\/wp-content\/uploads\/2019\/05\/restaurantes.pdf\" target=\"_blank\" rel=\"noopener noreferrer\">Franquicias Hosteler\u00eda <\/a><\/li>\n<li><a href=\"..\/wp-content\/uploads\/2019\/05\/restaurantes.pdf\" target=\"_blank\" rel=\"noopener noreferrer\">Discotecas<\/a><\/li>\n<li><a href=\"..\/wp-content\/uploads\/2019\/05\/hoteles.pdf\" target=\"_blank\" rel=\"noopener noreferrer\">Hoteles<\/a><\/li>\n<li><a href=\"..\/wp-content\/uploads\/2019\/05\/gestion.pdf\" target=\"_blank\" rel=\"noopener noreferrer\">Industria y Distribuci\u00f3n <\/a><\/li>\n<li><a href=\"..\/wp-content\/uploads\/2019\/05\/comercios.pdf\" target=\"_blank\" rel=\"noopener noreferrer\">Comercio minorista<\/a><\/li>\n<li><a href=\"..\/wp-content\/uploads\/2019\/05\/comercios.pdf\" target=\"_blank\" rel=\"noopener noreferrer\">Tiendas de Moda<\/a><\/li>\n<li><a href=\"..\/wp-content\/uploads\/2019\/05\/comercios.pdf\" target=\"_blank\" rel=\"noopener noreferrer\">Shoe Shops<\/a><\/li>\n<li><a href=\"..\/wp-content\/uploads\/2019\/05\/comercios.pdf\" target=\"_blank\" rel=\"noopener noreferrer\">Perfumeries<\/a><\/li>\n<li><a href=\"..\/wp-content\/uploads\/2019\/05\/comercios.pdf\" target=\"_blank\" rel=\"noopener noreferrer\">Supermarkets<\/a><\/li>\n<li><a href=\"..\/wp-content\/uploads\/2019\/05\/comercios.pdf\" target=\"_blank\" rel=\"noopener noreferrer\">Carnicer\u00edas<\/a><\/li>\n<\/ul>\n<\/div>","protected":false},"excerpt":{"rendered":"<p>\n\u00bfQuieres un Software est\u00e1ndar? \u00a1\u00a1Aqu\u00ed lo tenemos!! \u00bfQue no existe? Nosotros lo programamos<br \/>\nVen a INFORmedia y p\u00eddenos todo lo que necesites, disponemos de multitud de software a tu disposici\u00f3n. \u00a1\u00a1Si\u2026<\/p>","protected":false},"author":1,"featured_media":0,"parent":0,"menu_order":0,"comment_status":"closed","ping_status":"closed","template":"","meta":{"_vp_format_video_url":"","_vp_image_focal_point":[],"footnotes":""},"class_list":["post-320","page","type-page","status-publish","hentry","post-1","odd"],"_links":{"self":[{"href":"https:\/\/informedia.es\/en\/wp-json\/wp\/v2\/pages\/320","targetHints":{"allow":["GET"]}}],"collection":[{"href":"https:\/\/informedia.es\/en\/wp-json\/wp\/v2\/pages"}],"about":[{"href":"https:\/\/informedia.es\/en\/wp-json\/wp\/v2\/types\/page"}],"author":[{"embeddable":true,"href":"https:\/\/informedia.es\/en\/wp-json\/wp\/v2\/users\/1"}],"replies":[{"embeddable":true,"href":"https:\/\/informedia.es\/en\/wp-json\/wp\/v2\/comments?post=320"}],"version-history":[{"count":17,"href":"https:\/\/informedia.es\/en\/wp-json\/wp\/v2\/pages\/320\/revisions"}],"predecessor-version":[{"id":833,"href":"https:\/\/informedia.es\/en\/wp-json\/wp\/v2\/pages\/320\/revisions\/833"}],"wp:attachment":[{"href":"https:\/\/informedia.es\/en\/wp-json\/wp\/v2\/media?parent=320"}],"curies":[{"name":"wp","href":"https:\/\/api.w.org\/{rel}","templated":true}]}}