{"id":3161,"date":"2024-01-15T18:10:15","date_gmt":"2024-01-15T17:10:15","guid":{"rendered":"https:\/\/informedia.es\/?page_id=3161"},"modified":"2025-06-18T13:06:58","modified_gmt":"2025-06-18T11:06:58","slug":"compraok","status":"publish","type":"page","link":"https:\/\/informedia.es\/en\/compraok\/","title":{"rendered":"compraok"},"content":{"rendered":"<div data-elementor-type=\"wp-page\" data-elementor-id=\"3161\" class=\"elementor elementor-3161\">\n\t\t\t\t\t\t<section class=\"elementor-section elementor-top-section elementor-element elementor-element-5457a93 elementor-section-boxed elementor-section-height-default elementor-section-height-default\" data-id=\"5457a93\" data-element_type=\"section\">\n\t\t\t\t\t\t<div class=\"elementor-container elementor-column-gap-default\">\n\t\t\t\t\t<div class=\"elementor-column elementor-col-100 elementor-top-column elementor-element elementor-element-5fbce1a\" data-id=\"5fbce1a\" data-element_type=\"column\">\n\t\t\t<div class=\"elementor-widget-wrap elementor-element-populated\">\n\t\t\t\t\t\t<section class=\"elementor-section elementor-inner-section elementor-element elementor-element-7b84308 elementor-section-boxed elementor-section-height-default elementor-section-height-default\" data-id=\"7b84308\" data-element_type=\"section\">\n\t\t\t\t\t\t<div class=\"elementor-container elementor-column-gap-default\">\n\t\t\t\t\t<div class=\"elementor-column elementor-col-50 elementor-inner-column elementor-element elementor-element-f0222af\" data-id=\"f0222af\" data-element_type=\"column\">\n\t\t\t<div class=\"elementor-widget-wrap elementor-element-populated\">\n\t\t\t\t\t\t<div class=\"elementor-element elementor-element-27f7285 elementor-widget elementor-widget-image\" data-id=\"27f7285\" data-element_type=\"widget\" data-widget_type=\"image.default\">\n\t\t\t\t<div class=\"elementor-widget-container\">\n\t\t\t\t\t\t\t\t\t\t\t\t\t\t\t<img fetchpriority=\"high\" decoding=\"async\" width=\"726\" height=\"545\" src=\"https:\/\/informedia.es\/wp-content\/uploads\/2024\/01\/Successful-marketing-1365x1024.png\" class=\"attachment-large size-large wp-image-3183\" alt=\"\" srcset=\"https:\/\/informedia.es\/wp-content\/uploads\/2024\/01\/Successful-marketing-1365x1024.png 1365w, https:\/\/informedia.es\/wp-content\/uploads\/2024\/01\/Successful-marketing-300x225.png 300w, https:\/\/informedia.es\/wp-content\/uploads\/2024\/01\/Successful-marketing-768x576.png 768w, https:\/\/informedia.es\/wp-content\/uploads\/2024\/01\/Successful-marketing-1536x1152.png 1536w, https:\/\/informedia.es\/wp-content\/uploads\/2024\/01\/Successful-marketing-2048x1536.png 2048w, https:\/\/informedia.es\/wp-content\/uploads\/2024\/01\/Successful-marketing-16x12.png 16w, https:\/\/informedia.es\/wp-content\/uploads\/2024\/01\/Successful-marketing-500x375.png 500w, https:\/\/informedia.es\/wp-content\/uploads\/2024\/01\/Successful-marketing-800x600.png 800w, https:\/\/informedia.es\/wp-content\/uploads\/2024\/01\/Successful-marketing-1280x960.png 1280w, https:\/\/informedia.es\/wp-content\/uploads\/2024\/01\/Successful-marketing-1920x1440.png 1920w\" sizes=\"(max-width: 726px) 100vw, 726px\" \/>\t\t\t\t\t\t\t\t\t\t\t\t\t\t\t<\/div>\n\t\t\t\t<\/div>\n\t\t\t\t\t<\/div>\n\t\t<\/div>\n\t\t\t\t<div class=\"elementor-column elementor-col-50 elementor-inner-column elementor-element elementor-element-34a0a46\" data-id=\"34a0a46\" data-element_type=\"column\">\n\t\t\t<div class=\"elementor-widget-wrap elementor-element-populated\">\n\t\t\t\t\t\t<div class=\"elementor-element elementor-element-aa1a41d elementor-widget elementor-widget-heading\" data-id=\"aa1a41d\" data-element_type=\"widget\" data-widget_type=\"heading.default\">\n\t\t\t\t<div class=\"elementor-widget-container\">\n\t\t\t\t\t<h2 class=\"elementor-heading-title elementor-size-default\">compra realizada correctamente<\/h2>\t\t\t\t<\/div>\n\t\t\t\t<\/div>\n\t\t\t\t<div class=\"elementor-element elementor-element-4bc55fa elementor-widget elementor-widget-text-editor\" data-id=\"4bc55fa\" data-element_type=\"widget\" data-widget_type=\"text-editor.default\">\n\t\t\t\t<div class=\"elementor-widget-container\">\n\t\t\t\t\t\t\t\t\t<h4 style=\"text-align: center;\">Si has comprado un bono, En breve nos pondremos en contacto contigo para darte tus claves de acceso al panel donde podr\u00e1s ver los datos de tu bono as\u00ed como los trabajos realizados. si has comprado 5 cajas de papel o m\u00e1s nos pondremos en contacto contigo para concertar la entrega.<\/h4>\t\t\t\t\t\t\t\t<\/div>\n\t\t\t\t<\/div>\n\t\t\t\t\t<\/div>\n\t\t<\/div>\n\t\t\t\t\t<\/div>\n\t\t<\/section>\n\t\t\t\t\t<\/div>\n\t\t<\/div>\n\t\t\t\t\t<\/div>\n\t\t<\/section>\n\t\t\t\t<\/div>","protected":false},"excerpt":{"rendered":"<p>\n\t\t\tcompra realizada correctamente<br \/>\n\t\tSi has comprado un bono, En breve nos pondremos en contacto contigo para darte tus claves de acceso al panel donde podr\u00e1s ver los datos de tu bono\u2026<\/p>","protected":false},"author":1,"featured_media":0,"parent":0,"menu_order":0,"comment_status":"closed","ping_status":"closed","template":"elementor_header_footer","meta":{"_vp_format_video_url":"","_vp_image_focal_point":[],"footnotes":""},"class_list":["post-3161","page","type-page","status-publish","hentry","post-1","odd"],"_links":{"self":[{"href":"https:\/\/informedia.es\/en\/wp-json\/wp\/v2\/pages\/3161","targetHints":{"allow":["GET"]}}],"collection":[{"href":"https:\/\/informedia.es\/en\/wp-json\/wp\/v2\/pages"}],"about":[{"href":"https:\/\/informedia.es\/en\/wp-json\/wp\/v2\/types\/page"}],"author":[{"embeddable":true,"href":"https:\/\/informedia.es\/en\/wp-json\/wp\/v2\/users\/1"}],"replies":[{"embeddable":true,"href":"https:\/\/informedia.es\/en\/wp-json\/wp\/v2\/comments?post=3161"}],"version-history":[{"count":13,"href":"https:\/\/informedia.es\/en\/wp-json\/wp\/v2\/pages\/3161\/revisions"}],"predecessor-version":[{"id":3448,"href":"https:\/\/informedia.es\/en\/wp-json\/wp\/v2\/pages\/3161\/revisions\/3448"}],"wp:attachment":[{"href":"https:\/\/informedia.es\/en\/wp-json\/wp\/v2\/media?parent=3161"}],"curies":[{"name":"wp","href":"https:\/\/api.w.org\/{rel}","templated":true}]}}