{"id":3154,"date":"2024-01-15T17:54:33","date_gmt":"2024-01-15T16:54:33","guid":{"rendered":"https:\/\/informedia.es\/?page_id=3154"},"modified":"2026-01-14T17:10:51","modified_gmt":"2026-01-14T16:10:51","slug":"comprar-bonos","status":"publish","type":"page","link":"https:\/\/informedia.es\/en\/comprar-bonos\/","title":{"rendered":"Comprar Bonos"},"content":{"rendered":"<div data-elementor-type=\"wp-page\" data-elementor-id=\"3154\" class=\"elementor elementor-3154\">\n\t\t\t\t\t\t<section class=\"elementor-section elementor-top-section elementor-element elementor-element-33596944 elementor-section-boxed elementor-section-height-default elementor-section-height-default\" data-id=\"33596944\" data-element_type=\"section\">\n\t\t\t\t\t\t<div class=\"elementor-container elementor-column-gap-default\">\n\t\t\t\t\t<div class=\"elementor-column elementor-col-100 elementor-top-column elementor-element elementor-element-99255e6\" data-id=\"99255e6\" data-element_type=\"column\">\n\t\t\t<div class=\"elementor-widget-wrap elementor-element-populated\">\n\t\t\t\t\t\t<div class=\"elementor-element elementor-element-542a1c0 elementor-widget elementor-widget-spacer\" data-id=\"542a1c0\" data-element_type=\"widget\" data-widget_type=\"spacer.default\">\n\t\t\t\t<div class=\"elementor-widget-container\">\n\t\t\t\t\t\t\t<div class=\"elementor-spacer\">\n\t\t\t<div class=\"elementor-spacer-inner\"><\/div>\n\t\t<\/div>\n\t\t\t\t\t\t<\/div>\n\t\t\t\t<\/div>\n\t\t\t\t<div class=\"elementor-element elementor-element-d724ebc elementor-widget elementor-widget-heading\" data-id=\"d724ebc\" data-element_type=\"widget\" data-widget_type=\"heading.default\">\n\t\t\t\t<div class=\"elementor-widget-container\">\n\t\t\t\t\t<h2 class=\"elementor-heading-title elementor-size-default\">comprar bonos prepago<\/h2>\t\t\t\t<\/div>\n\t\t\t\t<\/div>\n\t\t\t\t<section class=\"elementor-section elementor-inner-section elementor-element elementor-element-44a164c elementor-section-boxed elementor-section-height-default elementor-section-height-default\" data-id=\"44a164c\" data-element_type=\"section\">\n\t\t\t\t\t\t<div class=\"elementor-container elementor-column-gap-default\">\n\t\t\t\t\t<div class=\"elementor-column elementor-col-50 elementor-inner-column elementor-element elementor-element-ae8b9f5\" data-id=\"ae8b9f5\" data-element_type=\"column\">\n\t\t\t<div class=\"elementor-widget-wrap elementor-element-populated\">\n\t\t\t\t\t\t<div class=\"elementor-element elementor-element-60c99a9 elementor-widget elementor-widget-image\" data-id=\"60c99a9\" data-element_type=\"widget\" data-widget_type=\"image.default\">\n\t\t\t\t<div class=\"elementor-widget-container\">\n\t\t\t\t\t\t\t\t\t\t\t\t\t\t\t<img fetchpriority=\"high\" decoding=\"async\" width=\"726\" height=\"726\" src=\"https:\/\/informedia.es\/wp-content\/uploads\/2024\/01\/Check-Shopping-Cart-1-1024x1024.png\" class=\"attachment-large size-large wp-image-3171\" alt=\"\" srcset=\"https:\/\/informedia.es\/wp-content\/uploads\/2024\/01\/Check-Shopping-Cart-1-1024x1024.png 1024w, https:\/\/informedia.es\/wp-content\/uploads\/2024\/01\/Check-Shopping-Cart-1-300x300.png 300w, https:\/\/informedia.es\/wp-content\/uploads\/2024\/01\/Check-Shopping-Cart-1-150x150.png 150w, https:\/\/informedia.es\/wp-content\/uploads\/2024\/01\/Check-Shopping-Cart-1-768x768.png 768w, https:\/\/informedia.es\/wp-content\/uploads\/2024\/01\/Check-Shopping-Cart-1-12x12.png 12w, https:\/\/informedia.es\/wp-content\/uploads\/2024\/01\/Check-Shopping-Cart-1-500x500.png 500w, https:\/\/informedia.es\/wp-content\/uploads\/2024\/01\/Check-Shopping-Cart-1-800x800.png 800w, https:\/\/informedia.es\/wp-content\/uploads\/2024\/01\/Check-Shopping-Cart-1-1280x1280.png 1280w, https:\/\/informedia.es\/wp-content\/uploads\/2024\/01\/Check-Shopping-Cart-1.png 1500w\" sizes=\"(max-width: 726px) 100vw, 726px\" \/>\t\t\t\t\t\t\t\t\t\t\t\t\t\t\t<\/div>\n\t\t\t\t<\/div>\n\t\t\t\t\t<\/div>\n\t\t<\/div>\n\t\t\t\t<div class=\"elementor-column elementor-col-50 elementor-inner-column elementor-element elementor-element-7c51159\" data-id=\"7c51159\" data-element_type=\"column\">\n\t\t\t<div class=\"elementor-widget-wrap elementor-element-populated\">\n\t\t\t\t\t\t<div class=\"elementor-element elementor-element-2556dd7f elementor-widget elementor-widget-text-editor\" data-id=\"2556dd7f\" data-element_type=\"widget\" data-widget_type=\"text-editor.default\">\n\t\t\t\t<div class=\"elementor-widget-container\">\n\t\t\t\t\t\t\t\t\t<form action=\"https:\/\/pasarela.cartaelectronica.es\/redsys\/indexbonos.php\" method=\"post\"><input class=\"wpcf7-form-control wpcf7-text wpcf7-validates-as-required form-control input-lg\" name=\"nombre\" required=\"\" type=\"text\" placeholder=\"Nombre y apellidos \u00f3 raz\u00f3n social\" \/>\n<input class=\"wpcf7-form-control wpcf7-text wpcf7-validates-as-required form-control input-lg\" name=\"cif\" required=\"\" type=\"text\" placeholder=\"DNI\/CIF\" \/>\n<input class=\"wpcf7-form-control wpcf7-text wpcf7-validates-as-required form-control input-lg\" name=\"telefono\" required=\"\" type=\"text\" placeholder=\"Tel\u00e9fono\" \/>\n<input class=\"wpcf7-form-control wpcf7-text wpcf7-validates-as-required form-control input-lg\" name=\"email\" required=\"\" type=\"text\" placeholder=\"E-mail\" \/>\n<select class=\"wpcf7-form-control wpcf7-text wpcf7-validates-as-required form-control input-lg\" name=\"bono\" required=\"\">\n<option selected=\"selected\" value=\"0\">Selecciona el Bono<\/option>\n<option value=\"237.50\">BONO 5 HORAS (237,50\u20ac+IVA)<\/option>\n<option value=\"450\">BONO 10 HORAS (450\u20ac+IVA)<\/option>\n<option value=\"637.50\">BONO 15 HORAS (637,50\u20ac+IVA)<\/option>\n<option value=\"800\">BONO 20 HORAS (800\u20ac+IVA)<\/option>\n<option value=\"1875\">BONO 50 HORAS (1875\u20ac+IVA)<\/option>\n<\/select>\n<input class=\"btn btn-primary btn-bavel btn-lg btn-x-lg\" name=\"Submit\" type=\"submit\" value=\"Comprar Bono\" \/><\/form>&nbsp;\t\t\t\t\t\t\t\t<\/div>\n\t\t\t\t<\/div>\n\t\t\t\t\t<\/div>\n\t\t<\/div>\n\t\t\t\t\t<\/div>\n\t\t<\/section>\n\t\t\t\t<div class=\"elementor-element elementor-element-10e748d elementor-widget elementor-widget-accordion\" data-id=\"10e748d\" data-element_type=\"widget\" data-widget_type=\"accordion.default\">\n\t\t\t\t<div class=\"elementor-widget-container\">\n\t\t\t\t\t\t\t<div class=\"elementor-accordion\">\n\t\t\t\t\t\t\t<div class=\"elementor-accordion-item\">\n\t\t\t\t\t<div id=\"elementor-tab-title-1771\" class=\"elementor-tab-title\" data-tab=\"1\" role=\"button\" aria-controls=\"elementor-tab-content-1771\" aria-expanded=\"false\">\n\t\t\t\t\t\t\t\t\t\t\t\t\t<span class=\"elementor-accordion-icon elementor-accordion-icon-left\" aria-hidden=\"true\">\n\t\t\t\t\t\t\t\t\t\t\t\t\t\t\t<span class=\"elementor-accordion-icon-closed\"><i class=\"fas fa-plus\"><\/i><\/span>\n\t\t\t\t\t\t\t\t<span class=\"elementor-accordion-icon-opened\"><i class=\"fas fa-minus\"><\/i><\/span>\n\t\t\t\t\t\t\t\t\t\t\t\t\t\t<\/span>\n\t\t\t\t\t\t\t\t\t\t\t\t<a class=\"elementor-accordion-title\" tabindex=\"0\">CONDICIONES<\/a>\n\t\t\t\t\t<\/div>\n\t\t\t\t\t<div id=\"elementor-tab-content-1771\" class=\"elementor-tab-content elementor-clearfix\" data-tab=\"1\" role=\"region\" aria-labelledby=\"elementor-tab-title-1771\"><ul><li>El tiempo m\u00e1ximo de asistencia ser\u00e1 de 2 d\u00edas laborables desde la recepci\u00f3n del aviso.<\/li><li>En caso de no poder reparar los equipos en el domicilio del cliente se llevar\u00e1n al taller para su reparaci\u00f3n.<\/li><li>Las horas se pueden consumir tanto con asistencia in situ, como mediante soporte remoto o con atenci\u00f3n telef\u00f3nica.<\/li><li>El cliente dispondr\u00e1 de un panel privado para revisar el estado de sus trabajos y las horas consumidas.<\/li><li>En horario laboral se facturar\u00e1 en fracciones de \u00bd hora.<\/li><li>Los desplazamientos urbanos (Torrrevieja) ser\u00e1n gratuitos.<\/li><li>Los desplazamientos extrarradio e interurbanos se facturar\u00e1n con un 50% de descuento sobre la tarifa vigente.<\/li><li>El presente contrato no incluye ning\u00fan tipo de piezas de repuesto ni materiales.<\/li><li>El horario de soporte t\u00e9cnico ser\u00e1 365 d\u00edas de 10\u201900 a 14\u201900 y de 16\u201900 a 20\u201900 horas.<\/li><li>El cliente pondr\u00e1 a disposici\u00f3n de Informedia las contrase\u00f1as necesarias para la administraci\u00f3n de los equipos a reparar o instalar.<\/li><li>El bono caducar\u00e1 a los 12 meses de la fecha de contrataci\u00f3n.<\/li><\/ul><h5>CONDICIONES SOPORTE T\u00c9CNICO DE FIN DE SEMANA Y FESTIVOS<\/h5><ul><li>El cliente dispondr\u00e1 soporte t\u00e9cnico los fines de semana en el horario anteriormente citado, <strong><em>para aver\u00edas urgentes<\/em><\/strong>.<\/li><li>En caso de solicitar soporte t\u00e9cnico durante el fin de semana, el tiempo se facturar\u00e1 en fracciones completas de 1 hora y se cobrar\u00e1 el 100% del desplazamiento correspondiente.<\/li><li>La asistencia a domicilio se realizar\u00e1 en un plazo m\u00e1ximo de 8 horas dentro del horario anterior.<\/li><li>Los avisos se atender\u00e1n \u00fanicamente en el n\u00ba de tel\u00e9fono de guardia que se comunicar\u00e1 al cliente en el momento de firmar el contrato.<\/li><li>El cliente debe comunicar previamente los tel\u00e9fonos desde los que va a realizar las llamadas durante los d\u00edas no laborables. No se atender\u00e1n llamadas realizadas desde ning\u00fan otro n\u00famero.<\/li><\/ul><\/div>\n\t\t\t\t<\/div>\n\t\t\t\t\t\t\t\t<\/div>\n\t\t\t\t\t\t<\/div>\n\t\t\t\t<\/div>\n\t\t\t\t\t<\/div>\n\t\t<\/div>\n\t\t\t\t\t<\/div>\n\t\t<\/section>\n\t\t\t\t<\/div>","protected":false},"excerpt":{"rendered":"<p>comprar bonos prepago\t\t\t\t<\/p>\n<p>Selecciona el Bono<br \/>\nBONO 5 HORAS (237,50\u20ac+IVA)<br \/>\nBONO 10 HORAS (450\u20ac+IVA)<br \/>\nBONO 15 HORAS (637,50\u20ac+IVA)<br \/>\nBONO 20 HORAS (800\u20ac+IVA)<br \/>\nBONO 50 HORAS (1875\u20ac+IVA)<\/p>\n<p>&nbsp;<br \/>\n\t\t\t\t\t\t\t\t\t\t\t\tCONDICIONES<br \/>\n\t\t\t\t\tEl tiempo m\u00e1ximo de asistencia ser\u00e1 de 2 d\u00edas laborables desde\u2026<\/p>","protected":false},"author":1,"featured_media":0,"parent":0,"menu_order":0,"comment_status":"closed","ping_status":"closed","template":"elementor_header_footer","meta":{"_vp_format_video_url":"","_vp_image_focal_point":[],"footnotes":""},"class_list":["post-3154","page","type-page","status-publish","hentry","post-1","odd"],"_links":{"self":[{"href":"https:\/\/informedia.es\/en\/wp-json\/wp\/v2\/pages\/3154","targetHints":{"allow":["GET"]}}],"collection":[{"href":"https:\/\/informedia.es\/en\/wp-json\/wp\/v2\/pages"}],"about":[{"href":"https:\/\/informedia.es\/en\/wp-json\/wp\/v2\/types\/page"}],"author":[{"embeddable":true,"href":"https:\/\/informedia.es\/en\/wp-json\/wp\/v2\/users\/1"}],"replies":[{"embeddable":true,"href":"https:\/\/informedia.es\/en\/wp-json\/wp\/v2\/comments?post=3154"}],"version-history":[{"count":73,"href":"https:\/\/informedia.es\/en\/wp-json\/wp\/v2\/pages\/3154\/revisions"}],"predecessor-version":[{"id":3501,"href":"https:\/\/informedia.es\/en\/wp-json\/wp\/v2\/pages\/3154\/revisions\/3501"}],"wp:attachment":[{"href":"https:\/\/informedia.es\/en\/wp-json\/wp\/v2\/media?parent=3154"}],"curies":[{"name":"wp","href":"https:\/\/api.w.org\/{rel}","templated":true}]}}