{"id":2925,"date":"2021-02-09T09:14:58","date_gmt":"2021-02-09T09:14:58","guid":{"rendered":"https:\/\/www.informedia.es\/?page_id=2925"},"modified":"2021-02-09T11:53:47","modified_gmt":"2021-02-09T11:53:47","slug":"software-antivirus","status":"publish","type":"page","link":"https:\/\/informedia.es\/en\/software-antivirus\/","title":{"rendered":"Software Antivirus"},"content":{"rendered":"<div data-elementor-type=\"wp-post\" data-elementor-id=\"2925\" class=\"elementor elementor-2925\">\n\t\t\t\t\t\t<section class=\"elementor-section elementor-top-section elementor-element elementor-element-7cf10ac elementor-section-boxed elementor-section-height-default elementor-section-height-default\" data-id=\"7cf10ac\" data-element_type=\"section\">\n\t\t\t\t\t\t<div class=\"elementor-container elementor-column-gap-default\">\n\t\t\t\t\t<div class=\"elementor-column elementor-col-100 elementor-top-column elementor-element elementor-element-2bbbc30\" data-id=\"2bbbc30\" data-element_type=\"column\">\n\t\t\t<div class=\"elementor-widget-wrap elementor-element-populated\">\n\t\t\t\t\t\t<div class=\"elementor-element elementor-element-470bba8 elementor-widget elementor-widget-spacer\" data-id=\"470bba8\" data-element_type=\"widget\" data-widget_type=\"spacer.default\">\n\t\t\t\t<div class=\"elementor-widget-container\">\n\t\t\t\t\t\t\t<div class=\"elementor-spacer\">\n\t\t\t<div class=\"elementor-spacer-inner\"><\/div>\n\t\t<\/div>\n\t\t\t\t\t\t<\/div>\n\t\t\t\t<\/div>\n\t\t\t\t\t<\/div>\n\t\t<\/div>\n\t\t\t\t\t<\/div>\n\t\t<\/section>\n\t\t\t\t<section class=\"elementor-section elementor-top-section elementor-element elementor-element-7fb7a9b elementor-section-boxed elementor-section-height-default elementor-section-height-default\" data-id=\"7fb7a9b\" data-element_type=\"section\">\n\t\t\t\t\t\t<div class=\"elementor-container elementor-column-gap-default\">\n\t\t\t\t\t<div class=\"elementor-column elementor-col-100 elementor-top-column elementor-element elementor-element-1976f5e\" data-id=\"1976f5e\" data-element_type=\"column\">\n\t\t\t<div class=\"elementor-widget-wrap elementor-element-populated\">\n\t\t\t\t\t\t<div class=\"elementor-element elementor-element-782d1c7 elementor-widget elementor-widget-text-editor\" data-id=\"782d1c7\" data-element_type=\"widget\" data-widget_type=\"text-editor.default\">\n\t\t\t\t<div class=\"elementor-widget-container\">\n\t\t\t\t\t\t\t\t\t<p style=\"font-size: 26px; text-align: center;\">\u00bfBuscas un software antivirus para tu empresa, negocio o para el ordenador de casa? <\/p><p style=\"font-size: 22px; text-align: center;\">No problem!<\/p><p>\u00a0<\/p>\t\t\t\t\t\t\t\t<\/div>\n\t\t\t\t<\/div>\n\t\t\t\t\t<\/div>\n\t\t<\/div>\n\t\t\t\t\t<\/div>\n\t\t<\/section>\n\t\t\t\t<section class=\"elementor-section elementor-top-section elementor-element elementor-element-77f27da elementor-section-boxed elementor-section-height-default elementor-section-height-default\" data-id=\"77f27da\" data-element_type=\"section\">\n\t\t\t\t\t\t<div class=\"elementor-container elementor-column-gap-default\">\n\t\t\t\t\t<div class=\"elementor-column elementor-col-100 elementor-top-column elementor-element elementor-element-e96fb8a\" data-id=\"e96fb8a\" data-element_type=\"column\">\n\t\t\t<div class=\"elementor-widget-wrap elementor-element-populated\">\n\t\t\t\t\t\t<div class=\"elementor-element elementor-element-da1b859 elementor-widget elementor-widget-image\" data-id=\"da1b859\" data-element_type=\"widget\" data-widget_type=\"image.default\">\n\t\t\t\t<div class=\"elementor-widget-container\">\n\t\t\t\t\t\t\t\t\t\t\t\t\t\t\t<img fetchpriority=\"high\" decoding=\"async\" width=\"720\" height=\"540\" src=\"https:\/\/informedia.es\/wp-content\/uploads\/2021\/02\/Eset.jpg\" class=\"attachment-medium_large size-medium_large wp-image-2928\" alt=\"\" srcset=\"https:\/\/informedia.es\/wp-content\/uploads\/2021\/02\/Eset.jpg 720w, https:\/\/informedia.es\/wp-content\/uploads\/2021\/02\/Eset-300x225.jpg 300w, https:\/\/informedia.es\/wp-content\/uploads\/2021\/02\/Eset-500x375.jpg 500w, https:\/\/informedia.es\/wp-content\/uploads\/2021\/02\/Eset-16x12.jpg 16w\" sizes=\"(max-width: 720px) 100vw, 720px\" \/>\t\t\t\t\t\t\t\t\t\t\t\t\t\t\t<\/div>\n\t\t\t\t<\/div>\n\t\t\t\t\t<\/div>\n\t\t<\/div>\n\t\t\t\t\t<\/div>\n\t\t<\/section>\n\t\t\t\t<section class=\"elementor-section elementor-top-section elementor-element elementor-element-80a1a7e elementor-section-boxed elementor-section-height-default elementor-section-height-default\" data-id=\"80a1a7e\" data-element_type=\"section\">\n\t\t\t\t\t\t<div class=\"elementor-container elementor-column-gap-default\">\n\t\t\t\t\t<div class=\"elementor-column elementor-col-100 elementor-top-column elementor-element elementor-element-89d3ae5\" data-id=\"89d3ae5\" data-element_type=\"column\">\n\t\t\t<div class=\"elementor-widget-wrap elementor-element-populated\">\n\t\t\t\t\t\t<div class=\"elementor-element elementor-element-3a751d3 elementor-widget elementor-widget-spacer\" data-id=\"3a751d3\" data-element_type=\"widget\" data-widget_type=\"spacer.default\">\n\t\t\t\t<div class=\"elementor-widget-container\">\n\t\t\t\t\t\t\t<div class=\"elementor-spacer\">\n\t\t\t<div class=\"elementor-spacer-inner\"><\/div>\n\t\t<\/div>\n\t\t\t\t\t\t<\/div>\n\t\t\t\t<\/div>\n\t\t\t\t<div class=\"elementor-element elementor-element-c996693 elementor-widget elementor-widget-text-editor\" data-id=\"c996693\" data-element_type=\"widget\" data-widget_type=\"text-editor.default\">\n\t\t\t\t<div class=\"elementor-widget-container\">\n\t\t\t\t\t\t\t\t\t<p style=\"font-size: 18px; text-align: center;\">La nueva gama de ESET NOD32 para su hogar o su empresa lo proteger\u00e1, a usted y a su familia, de los peligros asociados a la navegaci\u00f3n por internet. Con la protecci\u00f3n para menores y la protecci\u00f3n de sus operaciones bancarias, a trav\u00e9s de teclado virtual, que evita que puedan capturar sus pulsaciones<\/p><p style=\"font-size: 18px; text-align: center;\">\u00a0<\/p>\t\t\t\t\t\t\t\t<\/div>\n\t\t\t\t<\/div>\n\t\t\t\t<div class=\"elementor-element elementor-element-6f5f7c6 elementor-widget elementor-widget-spacer\" data-id=\"6f5f7c6\" data-element_type=\"widget\" data-widget_type=\"spacer.default\">\n\t\t\t\t<div class=\"elementor-widget-container\">\n\t\t\t\t\t\t\t<div class=\"elementor-spacer\">\n\t\t\t<div class=\"elementor-spacer-inner\"><\/div>\n\t\t<\/div>\n\t\t\t\t\t\t<\/div>\n\t\t\t\t<\/div>\n\t\t\t\t\t<\/div>\n\t\t<\/div>\n\t\t\t\t\t<\/div>\n\t\t<\/section>\n\t\t\t\t<section class=\"elementor-section elementor-top-section elementor-element elementor-element-6ba285f elementor-section-stretched elementor-section-full_width elementor-section-height-min-height elementor-section-height-default elementor-section-items-middle\" data-id=\"6ba285f\" data-element_type=\"section\" data-settings=\"{&quot;stretch_section&quot;:&quot;section-stretched&quot;,&quot;background_background&quot;:&quot;classic&quot;}\">\n\t\t\t\t\t\t<div class=\"elementor-container elementor-column-gap-default\">\n\t\t\t\t\t<div class=\"elementor-column elementor-col-100 elementor-top-column elementor-element elementor-element-acf8756\" data-id=\"acf8756\" data-element_type=\"column\">\n\t\t\t<div class=\"elementor-widget-wrap elementor-element-populated\">\n\t\t\t\t\t\t<div class=\"elementor-element elementor-element-2226492 elementor-widget elementor-widget-heading\" data-id=\"2226492\" data-element_type=\"widget\" data-widget_type=\"heading.default\">\n\t\t\t\t<div class=\"elementor-widget-container\">\n\t\t\t\t\t<h1 class=\"elementor-heading-title elementor-size-xxl\">Comprar<\/h1>\t\t\t\t<\/div>\n\t\t\t\t<\/div>\n\t\t\t\t\t<\/div>\n\t\t<\/div>\n\t\t\t\t\t<\/div>\n\t\t<\/section>\n\t\t\t\t<section class=\"elementor-section elementor-top-section elementor-element elementor-element-42ffd41 elementor-section-boxed elementor-section-height-default elementor-section-height-default\" data-id=\"42ffd41\" data-element_type=\"section\">\n\t\t\t\t\t\t<div class=\"elementor-container elementor-column-gap-default\">\n\t\t\t\t\t<div class=\"elementor-column elementor-col-100 elementor-top-column elementor-element elementor-element-8b63bf6\" data-id=\"8b63bf6\" data-element_type=\"column\">\n\t\t\t<div class=\"elementor-widget-wrap elementor-element-populated\">\n\t\t\t\t\t\t<div class=\"elementor-element elementor-element-194fd1d elementor-widget elementor-widget-spacer\" data-id=\"194fd1d\" data-element_type=\"widget\" data-widget_type=\"spacer.default\">\n\t\t\t\t<div class=\"elementor-widget-container\">\n\t\t\t\t\t\t\t<div class=\"elementor-spacer\">\n\t\t\t<div class=\"elementor-spacer-inner\"><\/div>\n\t\t<\/div>\n\t\t\t\t\t\t<\/div>\n\t\t\t\t<\/div>\n\t\t\t\t<div class=\"elementor-element elementor-element-6d60dd4 elementor-widget elementor-widget-text-editor\" data-id=\"6d60dd4\" data-element_type=\"widget\" data-widget_type=\"text-editor.default\">\n\t\t\t\t<div class=\"elementor-widget-container\">\n\t\t\t\t\t\t\t\t\t<script src='https:\/\/comprar.eset.es\/ce\/esetBanner.php?u=u905&#038;&#038;include_demos=on&#038;wresp=on&#038;p1=eas_particulares&#038;p2=ess_particulares&#038;p3=epa_empresas&#038;p4=eps_empresas&#038;p5=ems_moviles&#038;p6=eem_moviles&#038;w=250'><\/script>\t\t\t\t\t\t\t\t<\/div>\n\t\t\t\t<\/div>\n\t\t\t\t\t<\/div>\n\t\t<\/div>\n\t\t\t\t\t<\/div>\n\t\t<\/section>\n\t\t\t\t<section class=\"elementor-section elementor-top-section elementor-element elementor-element-8abaf2d elementor-section-boxed elementor-section-height-default elementor-section-height-default\" data-id=\"8abaf2d\" data-element_type=\"section\">\n\t\t\t\t\t\t<div class=\"elementor-container elementor-column-gap-default\">\n\t\t\t\t\t<div class=\"elementor-column elementor-col-100 elementor-top-column elementor-element elementor-element-3fa1d84\" data-id=\"3fa1d84\" data-element_type=\"column\">\n\t\t\t<div class=\"elementor-widget-wrap\">\n\t\t\t\t\t\t\t<\/div>\n\t\t<\/div>\n\t\t\t\t\t<\/div>\n\t\t<\/section>\n\t\t\t\t<\/div>","protected":false},"excerpt":{"rendered":"<p>\u00bfBuscas un software antivirus para tu empresa, negocio o para el ordenador de casa? \u00a1No hay problema!\u00a0\t\t<\/p>\n<p>\t\tLa nueva gama de ESET NOD32 para su hogar o su empresa lo proteger\u00e1,\u2026<\/p>","protected":false},"author":1,"featured_media":0,"parent":0,"menu_order":0,"comment_status":"closed","ping_status":"closed","template":"","meta":{"_vp_format_video_url":"","_vp_image_focal_point":[],"footnotes":""},"class_list":["post-2925","page","type-page","status-publish","hentry","post-1","odd"],"_links":{"self":[{"href":"https:\/\/informedia.es\/en\/wp-json\/wp\/v2\/pages\/2925","targetHints":{"allow":["GET"]}}],"collection":[{"href":"https:\/\/informedia.es\/en\/wp-json\/wp\/v2\/pages"}],"about":[{"href":"https:\/\/informedia.es\/en\/wp-json\/wp\/v2\/types\/page"}],"author":[{"embeddable":true,"href":"https:\/\/informedia.es\/en\/wp-json\/wp\/v2\/users\/1"}],"replies":[{"embeddable":true,"href":"https:\/\/informedia.es\/en\/wp-json\/wp\/v2\/comments?post=2925"}],"version-history":[{"count":13,"href":"https:\/\/informedia.es\/en\/wp-json\/wp\/v2\/pages\/2925\/revisions"}],"predecessor-version":[{"id":2943,"href":"https:\/\/informedia.es\/en\/wp-json\/wp\/v2\/pages\/2925\/revisions\/2943"}],"wp:attachment":[{"href":"https:\/\/informedia.es\/en\/wp-json\/wp\/v2\/media?parent=2925"}],"curies":[{"name":"wp","href":"https:\/\/api.w.org\/{rel}","templated":true}]}}