{"id":176,"date":"2019-04-23T11:57:38","date_gmt":"2019-04-23T11:57:38","guid":{"rendered":"http:\/\/www.informedia.es\/?page_id=176"},"modified":"2019-06-12T08:32:03","modified_gmt":"2019-06-12T08:32:03","slug":"control-de-accesoold","status":"publish","type":"page","link":"https:\/\/informedia.es\/en\/control-de-accesoold\/","title":{"rendered":"[:es]Control de AccesoOLD[:en]Control de Acceso[:]"},"content":{"rendered":"<p>[:es]<\/p>\n<div class=\"top-content\">\n<div class=\"inner\">\n<h2 style=\"color: white;\">Solutions for<span>Access Control<\/span>?<\/h2>\n<p>En <span style=\"font-weight:bold\">IN<\/span><span style=\"font-weight:bold\">FOR<\/span><span style=\"font-style:italic; font-weight:bold\">media<\/span> has them. If you are interested of need a system to control access or presence, we can assess you and offer the optimal option for your case.\n<\/p>\n<\/div>\n<\/div>\n<p><!-- .top-content (end) --><\/p>\n<h4>\n<div class=\"frame alignleft\"><img decoding=\"async\" class=\"alignleft size-full wp-image-432\" title=\"2page_img1\" alt=\"\" src=\"http:\/\/www.informedia.es\/wp-content\/uploads\/2014\/03\/BIOMETRICO2.jpg\" width=\"100\"><\/div>\n<p><!-- .frame (end) --> SISTEMAS BIOMETRICOS<\/p>\n<\/h4>\n<p>Terminals of access control and presence control through biometric fingerprint, vascular biometric and 3D facial recognition. Biometric systems for PC, integration and SDK readers.  <\/p>\n<div class=\"gallery_box_single\">\n\t\t\t\t\t<\/div>\n<p><!-- .gallery_box_single --><\/p>\n<hr>\n<h2><\/h2>\n<h4 align=\"right\">\n<div class=\"frame alignright\"><img decoding=\"async\" class=\"alignleft size-full wp-image-432\" title=\"2page_img1\" alt=\"\" src=\"http:\/\/www.informedia.es\/wp-content\/uploads\/2014\/03\/RFID6.jpg\" width=\"100\"><\/div>\n<p><!-- .frame (end) -->SISTEMAS RFID<\/p>\n<\/h4>\n<p style=\"text-align: right;\">RFID readers and tags. Fixed readers, integration, desktop and RFID access control terminals. NFC tags and readers. Multiple formats of RFID tags. <\/p>\n<div class=\"gallery_box_single\">\n\t\t\t\t\t<\/div>\n<p><!-- .gallery_box_single --><\/p>\n<hr>\n<h2><\/h2>\n<h4>\n<div class=\"frame alignleft\"><img decoding=\"async\" class=\"alignleft size-full wp-image-432\" title=\"2page_img1\" alt=\"\" src=\"http:\/\/www.informedia.es\/wp-content\/uploads\/2014\/03\/TARJETA4.jpg\" width=\"100\"><\/div>\n<p><!-- .frame (end) --> LECTORES DE TARJETAS<\/p>\n<\/h4>\n<p>Card readers and recorders: magnetic stripe, proximity or RFID, chip card, smart card, barcode, motorized and reader networks. <\/p>\n<div class=\"gallery_box_single\">\n\t\t\t\t\t<\/div>\n<p><!-- .gallery_box_single --><\/p>\n<hr>\n<h2><\/h2>\n<h4 align=\"right\">\n<div class=\"frame alignright\"><img decoding=\"async\" class=\"alignleft size-full wp-image-432\" title=\"2page_img1\" alt=\"\" src=\"http:\/\/www.informedia.es\/wp-content\/uploads\/2014\/03\/PRESENCIA5.jpg\" width=\"100\"><\/div>\n<p><!-- .frame (end) --> CONTROL DE PRESENCIA<\/p>\n<\/h4>\n<p style=\"text-align: right;\">Control de presencia, control de asistencia laboral, control de personal, control de horarios, control de fichajes y relojes de fichar electr\u00f3nicos  <\/p>\n<div class=\"gallery_box_single\">\n\t\t\t\t\t<\/div>\n<p><!-- .gallery_box_single --><\/p>\n<hr>\n<h2><\/h2>\n<h4>\n<div class=\"frame alignleft\"><img decoding=\"async\" class=\"alignleft size-full wp-image-432\" title=\"2page_img1\" alt=\"\" src=\"http:\/\/www.informedia.es\/wp-content\/uploads\/2014\/03\/ACCESO6jpg.jpg\" width=\"100\"><\/div>\n<p><!-- .frame (end) --> CONTROL DE ACCESO<\/p>\n<\/h4>\n<p>Control de acceso biom\u00e9trico, control de accesos RFID, smart card, banda magn\u00e9tica. Control de accesos on-line, off-line y aut\u00f3nomos<\/p>\n<div class=\"gallery_box_single\">\n\t\t\t\t\t<\/div>\n<p><!-- .gallery_box_single --><\/p>\n<div><\/div>\n<p>[:]<\/p>","protected":false},"excerpt":{"rendered":"<p>[:es]<\/p>\n<p>\u00bfSoluciones paraControl de Acceso?<br \/>\nEn INFORmedia las tenemos, si estas interesado o necesitas un sistema de control de acceso, presencia, biometrico, lectores de tarjetas o RFID, podemos asesorarte y ofrecerte una\u2026<\/p>","protected":false},"author":1,"featured_media":0,"parent":0,"menu_order":0,"comment_status":"closed","ping_status":"closed","template":"","meta":{"_vp_format_video_url":"","_vp_image_focal_point":[],"footnotes":""},"class_list":["post-176","page","type-page","status-publish","hentry","post-1","odd"],"_links":{"self":[{"href":"https:\/\/informedia.es\/en\/wp-json\/wp\/v2\/pages\/176","targetHints":{"allow":["GET"]}}],"collection":[{"href":"https:\/\/informedia.es\/en\/wp-json\/wp\/v2\/pages"}],"about":[{"href":"https:\/\/informedia.es\/en\/wp-json\/wp\/v2\/types\/page"}],"author":[{"embeddable":true,"href":"https:\/\/informedia.es\/en\/wp-json\/wp\/v2\/users\/1"}],"replies":[{"embeddable":true,"href":"https:\/\/informedia.es\/en\/wp-json\/wp\/v2\/comments?post=176"}],"version-history":[{"count":4,"href":"https:\/\/informedia.es\/en\/wp-json\/wp\/v2\/pages\/176\/revisions"}],"predecessor-version":[{"id":837,"href":"https:\/\/informedia.es\/en\/wp-json\/wp\/v2\/pages\/176\/revisions\/837"}],"wp:attachment":[{"href":"https:\/\/informedia.es\/en\/wp-json\/wp\/v2\/media?parent=176"}],"curies":[{"name":"wp","href":"https:\/\/api.w.org\/{rel}","templated":true}]}}